{"id":175,"date":"2015-02-12T18:39:00","date_gmt":"2015-02-12T18:39:00","guid":{"rendered":"http:\/\/lifestylepuntacana.com\/location-2\/"},"modified":"2015-03-11T15:24:52","modified_gmt":"2015-03-11T15:24:52","slug":"ubicacion","status":"publish","type":"page","link":"https:\/\/lifestylepuntacana.com\/es\/ubicacion\/","title":{"rendered":"Ubicaci\u00f3n"},"content":{"rendered":"<p>[vc_row][vc_column width=\u00bb1\/1&#8243;]  <div class=\"imageSlider\">\n  <img decoding=\"async\" src=\"https:\/\/lifestylepuntacana.com\/wp-content\/uploads\/2015\/03\/Grand-Oasis-Marien_134-1065x437.jpg\"><img decoding=\"async\" src=\"https:\/\/lifestylepuntacana.com\/wp-content\/uploads\/2015\/03\/2013-PSPC_41-1065x437.jpg\"><img decoding=\"async\" src=\"https:\/\/lifestylepuntacana.com\/wp-content\/uploads\/2015\/03\/2013-PSPC_39-1065x437.jpg\"><img decoding=\"async\" src=\"https:\/\/lifestylepuntacana.com\/wp-content\/uploads\/2015\/03\/2013-PSPC_37-1065x437.jpg\"> \n    <span class=\"next\"><img decoding=\"async\" src=\"https:\/\/lifestylepuntacana.com\/wp-content\/themes\/lre\/images\/next.png\"><\/span>\n    <span class=\"prev\"><img decoding=\"async\" src=\"https:\/\/lifestylepuntacana.com\/wp-content\/themes\/lre\/images\/prev.png\"><\/span>\n      <\/div><!-- imageSlider -->\n  <span class=\"pager\"><\/span>\n[\/vc_column][\/vc_row][vc_row][vc_column width=\u00bb1\/1&#8243;][vc_column_text el_class=\u00bbtransparent\u00bb]<\/p>\n<h2>Punta Cana, Rep\u00fablica Dominicana<\/h2>\n<p>La Rep\u00fablica Dominicana es conocida por sus hermosas playas, aguas claras del oc\u00e9ano y cielos azules soleados, y Punta Cana es la culminaci\u00f3n de todo lo que es perfecto sobre la isla. Es parte del distrito municipal de Punta Cana-B\u00e1varo-Ver\u00f3n-Macao recientemente creada en La Altagracia, la provincia m\u00e1s oriental de la Rep\u00fablica Dominicana.<\/p>\n<p>Suites Presidenciales &#8211; Punta Cana se encuentra en la localidad de Cortecito y dentro de la zona de Punta Cana, a 13 millas o 21 kil\u00f3metros del aeropuerto, por lo que es un destino f\u00e1cil y conveniente. La zona es conocida por sus largas extensiones de playas de arena blanca y aguas color turquesa del Caribe. Este popular destino limita al norte con el pueblo y la playa de Cabeza de Toro y las playas de B\u00e1varo y Cortecito, famosas por su belleza pr\u00edstina.<\/p>\n<p>Las zonas lim\u00edtrofes de Punta Cana incluyen a Cap Cana hacia el sur y el peque\u00f1o pueblo de pescadores original de Cabo San Rafael. Un acantilado de\u00a0 330 pies de alto se encuentra m\u00e1s al sur, cerca de la ciudad de Boca de Yuma, un pueblo de pescadores que data del siglo 16. Cerca de all\u00ed, usted puede encontrar la fortaleza de\u00a0 Ponce de Le\u00f3n, en la ciudad de San Rafael del Yuma.<\/p>\n<p>Ya que es conocida por su belleza, Punta Cana-B\u00e1varo ha atra\u00eddo a un grupo de hoteles de lujo que ofrecen una variedad ecl\u00e9ctica de la arquitectura y el dise\u00f1o interior inspirado en las culturas dominicanas, espa\u00f1olas, mexicanas y nativas.[\/vc_column_text][\/vc_column][\/vc_row][vc_row][vc_column width=\u00bb1\/2&#8243;][vc_column_text el_class=\u00bbtransparent\u00bb]<\/p>\n<h3>Ubicaci\u00f3n de los aeropuertos<\/h3>\n<ol>\n<li>Aeropuerto Internacional La Romana (LRM)<\/li>\n<li>Aeropuerto Internacional de Punta Cana (PUJ)<\/li>\n<li>Las Am\u00e9ricas (SDQ)<\/li>\n<li>Aeropuerto Internacional Saman\u00e1 El Catey\u00a0 (AZS)S)<\/li>\n<li>Aeropuerto Internacional Gregorio Luper\u00f3n (POP)<\/li>\n<li>Aeropuerto Internacional del Cibao (Santiago) (STI)<\/li>\n<\/ol>\n<p>[\/vc_column_text][\/vc_column][vc_column width=\u00bb1\/2&#8243;][vc_column_text el_class=\u00bbtransparent\u00bb]<img loading=\"lazy\" decoding=\"async\" class=\"aligncenter  wp-image-58\" src=\"http:\/\/lifestylepuntacana.com\/wp-content\/uploads\/2015\/02\/punta-cana-airport-map.png\" alt=\"punta-cana-airport-map\" width=\"348\" height=\"278\" srcset=\"https:\/\/lifestylepuntacana.com\/wp-content\/uploads\/2015\/02\/punta-cana-airport-map.png 500w, https:\/\/lifestylepuntacana.com\/wp-content\/uploads\/2015\/02\/punta-cana-airport-map-300x240.png 300w, https:\/\/lifestylepuntacana.com\/wp-content\/uploads\/2015\/02\/punta-cana-airport-map-200x160.png 200w, https:\/\/lifestylepuntacana.com\/wp-content\/uploads\/2015\/02\/punta-cana-airport-map-100x80.png 100w\" sizes=\"auto, (max-width: 348px) 100vw, 348px\" \/>[\/vc_column_text][\/vc_column][\/vc_row][vc_row][vc_column width=\u00bb1\/1&#8243;][vc_column_text el_class=\u00bbtransparent\u00bb]<\/p>\n<h3>Distancia Estimada\u00a0 de conducci\u00f3n de los aeropuertos hasta Presidential Suites &#8211; Punta Cana<\/h3>\n<p>[\/vc_column_text][vc_column_text el_class=\u00bbtransparent\u00bb]<\/p>\n<table>\n<tbody>\n<tr>\n<td style=\"text-align: center;\"><strong>UBICACI\u00d3N<\/strong><\/td>\n<td style=\"text-align: center;\"><strong>IATA<\/strong><\/td>\n<td style=\"text-align: center;\"><strong>Nombre del aeropuerto<\/strong><\/td>\n<td style=\"text-align: center;\" colspan=\"2\"><strong>DISTANCIA<\/strong><\/td>\n<\/tr>\n<tr>\n<td>La Romana<\/td>\n<td>LRM<\/td>\n<td>Aeropuerto Internacional La Romana<\/td>\n<td>91 m<\/td>\n<td>147 km<\/td>\n<\/tr>\n<tr>\n<td>Punta Cana \/ Hig\u00fcey<\/td>\n<td>PUJ<\/td>\n<td>Aeropuerto Internacional de Punta Cana<\/td>\n<td>13 m<\/td>\n<td>21 km<\/td>\n<\/tr>\n<tr>\n<td>Santo Domingo<\/td>\n<td>SDQ<\/td>\n<td>Las Am\u00e9ricas<\/td>\n<td>142 m<\/td>\n<td>229 km<\/td>\n<\/tr>\n<tr>\n<td>Saman\u00e1 (S\u00e1nchez)<\/td>\n<td>AZS<\/td>\n<td>Aeropuerto Internacional Saman\u00e1 El Catey<\/td>\n<td>213 m<\/td>\n<td>343 km<\/td>\n<\/tr>\n<tr>\n<td>Puerto Plata<\/td>\n<td>POP<\/td>\n<td>Aeropuerto Internacional Gregorio Luper\u00f3n<\/td>\n<td>280 m<\/td>\n<td>451 km<\/td>\n<\/tr>\n<tr>\n<td>Santiago<\/td>\n<td>STI<\/td>\n<td>Aeropuerto Internacional del Cibao (Santiago)<\/td>\n<td>245 m<\/td>\n<td>394 km<\/td>\n<\/tr>\n<\/tbody>\n<\/table>\n<p>[\/vc_column_text][\/vc_column][\/vc_row][vc_row][vc_column width=\u00bb1\/1&#8243;]<div class=\"button-group cf textleft\">  <a href=\"http:\/\/lifestylepuntacana.com\/es\/solicitud-de-reserva\/\" class=\"btn medium orange\" >Solicitud de Reserva<\/a>\n<\/div>[\/vc_column][\/vc_row]<\/p>\n","protected":false},"excerpt":{"rendered":"<p>[vc_row][vc_column width=\u00bb1\/1&#8243;][\/vc_column][\/vc_row][vc_row][vc_column width=\u00bb1\/1&#8243;][vc_column_text el_class=\u00bbtransparent\u00bb] Punta Cana, Rep\u00fablica Dominicana La Rep\u00fablica Dominicana es conocida por sus hermosas playas, aguas claras del oc\u00e9ano y cielos azules soleados, y Punta Cana es la culminaci\u00f3n de todo lo que&#8230;<\/p>\n","protected":false},"author":1,"featured_media":0,"parent":0,"menu_order":0,"comment_status":"closed","ping_status":"closed","template":"","meta":[],"class_list":["post-175","page","type-page","status-publish","hentry"],"_links":{"self":[{"href":"https:\/\/lifestylepuntacana.com\/es\/wp-json\/wp\/v2\/pages\/175","targetHints":{"allow":["GET"]}}],"collection":[{"href":"https:\/\/lifestylepuntacana.com\/es\/wp-json\/wp\/v2\/pages"}],"about":[{"href":"https:\/\/lifestylepuntacana.com\/es\/wp-json\/wp\/v2\/types\/page"}],"author":[{"embeddable":true,"href":"https:\/\/lifestylepuntacana.com\/es\/wp-json\/wp\/v2\/users\/1"}],"replies":[{"embeddable":true,"href":"https:\/\/lifestylepuntacana.com\/es\/wp-json\/wp\/v2\/comments?post=175"}],"version-history":[{"count":2,"href":"https:\/\/lifestylepuntacana.com\/es\/wp-json\/wp\/v2\/pages\/175\/revisions"}],"predecessor-version":[{"id":426,"href":"https:\/\/lifestylepuntacana.com\/es\/wp-json\/wp\/v2\/pages\/175\/revisions\/426"}],"wp:attachment":[{"href":"https:\/\/lifestylepuntacana.com\/es\/wp-json\/wp\/v2\/media?parent=175"}],"curies":[{"name":"wp","href":"https:\/\/api.w.org\/{rel}","templated":true}]}}