{"id":173,"date":"2015-02-12T18:39:25","date_gmt":"2015-02-12T18:39:25","guid":{"rendered":"http:\/\/lifestylepuntacana.com\/accommodations-2\/"},"modified":"2015-04-01T19:20:37","modified_gmt":"2015-04-01T19:20:37","slug":"alojamiento","status":"publish","type":"page","link":"https:\/\/lifestylepuntacana.com\/es\/alojamiento\/","title":{"rendered":"Alojamiento"},"content":{"rendered":"<p>[vc_row][vc_column width=\u00bb1\/1&#8243;]  <div class=\"imageSlider\">\n  <img decoding=\"async\" src=\"https:\/\/lifestylepuntacana.com\/wp-content\/uploads\/2015\/02\/PCPS-accommodations1.jpg\"><img decoding=\"async\" src=\"https:\/\/lifestylepuntacana.com\/wp-content\/uploads\/2015\/02\/PSPC-accommodatios8.jpg\"><img decoding=\"async\" src=\"https:\/\/lifestylepuntacana.com\/wp-content\/uploads\/2015\/02\/PSPC-accommodatios61.jpg\"><img decoding=\"async\" src=\"https:\/\/lifestylepuntacana.com\/wp-content\/uploads\/2015\/02\/PSPC-accommodatios5.jpg\"><img decoding=\"async\" src=\"https:\/\/lifestylepuntacana.com\/wp-content\/uploads\/2015\/02\/PSPC-accommodatios4.jpg\"><img decoding=\"async\" src=\"https:\/\/lifestylepuntacana.com\/wp-content\/uploads\/2015\/02\/PSPC-accommodatios2.jpg\"><img decoding=\"async\" src=\"https:\/\/lifestylepuntacana.com\/wp-content\/uploads\/2015\/02\/PSPC-accommodations9.jpg\"><img decoding=\"async\" src=\"https:\/\/lifestylepuntacana.com\/wp-content\/uploads\/2015\/02\/PSPC-accommodations7.jpg\"><img decoding=\"async\" src=\"https:\/\/lifestylepuntacana.com\/wp-content\/uploads\/2015\/02\/PSPC-accommodations3.jpg\"> \n    <span class=\"next\"><img decoding=\"async\" src=\"https:\/\/lifestylepuntacana.com\/wp-content\/themes\/lre\/images\/next.png\"><\/span>\n    <span class=\"prev\"><img decoding=\"async\" src=\"https:\/\/lifestylepuntacana.com\/wp-content\/themes\/lre\/images\/prev.png\"><\/span>\n      <\/div><!-- imageSlider -->\n  <span class=\"pager\"><\/span>\n[\/vc_column][\/vc_row][vc_row][vc_column width=\u00bb1\/1&#8243;][vc_column_text el_class=\u00bbtransparent\u00bb]<\/p>\n<h3 id=\"tw-target-text\" dir=\"ltr\" data-placeholder=\"Translation\">Alojamiento<strong><em>\u00a0<\/em><\/strong><\/h3>\n<p dir=\"ltr\" data-placeholder=\"Translation\">La m\u00e1s nueva propiedad de lujo en ser agregada a la familia Lifestyle, este resort est\u00e1 ubicado entre el frondoso ambiente tropical de Punta Cana,\u00a0convirti\u00e9ndose as\u00ed en el escondite perfecto del Caribe, y ofrece suites lujosamente dise\u00f1adas de uno, dos y tres dormitorios. La cocina totalmente amueblada, cuenta con electrodom\u00e9sticos de acero inoxidable y muebles de dise\u00f1adores que marcan la pauta de un lujoso confort.<\/p>\n<p dir=\"ltr\" data-placeholder=\"Translation\">Suites Presidenciales &#8211; Punta Cana, un Resort de lujo que ofrece el programa Todo Incluido, cuenta con 4 restaurantes y 4 bares para su conveniencia. Disfrute de una pasta italiana en Basil &amp; Tomatoes, o de una delicia asi\u00e1tica en Kimonos, nuestro Restaurante estilo asi\u00e1tico.<\/p>\n<h3 dir=\"ltr\" data-placeholder=\"Translation\">Descripci\u00f3n de la Propiedad<\/h3>\n<p dir=\"ltr\" data-placeholder=\"Translation\">Este exclusivo resort compuesto por suites es una compilaci\u00f3n de seis modernos edificios de 4 pisos y dos edificios de 3 niveles ubicados sobre la costa del Cortecito. El complejo fue desarrollado como un refugio para aquellos que disfrutan de una escapada a un ambiente tranquilo, rodeado a la vez de lujosos servicios y comodidades. El complejo cuenta con dos piscinas de forma libre que serpentean entre los edificios que ofrecen diferentes tipos de alojamiento y balcones. Las suites con vista al mar est\u00e1n rodeadas de exuberantes jardines tropicales y cerca de usted encontrar\u00e1 una porci\u00f3n exclusiva del cielo que llamamos Nirvana Beach. Punta Cana se ha convertido en un destino de alta demanda debido a que la zona ofrece un clima perfecto durante todo el a\u00f1o. Suites Presidenciales &#8211; Punta Cana es un lugar \u00fanico e incomparable donde puede disfrutar con su pareja, pasar tiempo con amigos o vivir una experiencia caribe\u00f1a de alta gama con su familia. A s\u00f3lo 25 minutos del aeropuerto de Punta Cana y a pocos kil\u00f3metros del distrito de restaurantes y entretenimiento.<\/p>\n<h3 dir=\"ltr\" data-placeholder=\"Translation\">Descripci\u00f3n del Alojamiento<\/h3>\n<p>Este precioso y lujoso resort cuenta con suites de uno, dos y tres dormitorios. Todos los edificios disponen de ascensor y ofrecen habitaciones con vistas al jard\u00edn, la piscina o el oc\u00e9ano. Todas las suites est\u00e1n equipadas con aire acondicionado y la zona de estar est\u00e1 decorada con muebles de dise\u00f1adores. Cocina est\u00e1 totalmente equipada con nevera, microondas y cafetera, as\u00ed como vajilla y cubiertos. Comedor con mesa y sillas.[\/vc_column_text][\/vc_column][\/vc_row][vc_row][vc_column width=\u00bb1\/1&#8243;][vc_column_text el_class=\u00bbtransparent\u00bb]<\/p>\n<h3 id=\"tw-target-text\" class=\"tw-data-text vk_txt tw-ta tw-text-small\" dir=\"ltr\" data-placeholder=\"Translation\"><strong>Tipos de Unidades<\/strong><\/h3>\n<h4 class=\"tw-data-text vk_txt tw-ta tw-text-small\" dir=\"ltr\" data-placeholder=\"Translation\">Suites de un dormitorio:<\/h4>\n<p class=\"tw-data-text vk_txt tw-ta tw-text-small\" dir=\"ltr\" data-placeholder=\"Translation\">Suite Master con cama King, ba\u00f1o completo con ducha \/ ba\u00f1era combinado. Ocupaci\u00f3n m\u00e1xima 2 adultos.<\/p>\n<h4 id=\"tw-target-text\" class=\"tw-data-text vk_txt tw-ta tw-text-small\" dir=\"ltr\" data-placeholder=\"Translation\">Dos suites de un dormitorio:<\/h4>\n<p>Suite Master con cama King, segundo dormitorio con 2 camas\u00a0\u00a0tama\u00f1o full. El segundo cuarto de ba\u00f1o es un ba\u00f1o compartido, situado fuera de la sala. Ocupaci\u00f3n m\u00e1xima: 4 adultos.<\/p>\n<h4 id=\"tw-target-text\" class=\"tw-data-text vk_txt tw-ta tw-text-small\" dir=\"ltr\" data-placeholder=\"Translation\">Tres suites de un dormitorio:<\/h4>\n<p>Suite Master\u00a0\u00a0con cama de matrimonio, dos dormitorios con 2 camas cada una (1 doble y 1 tama\u00f1o full). El segundo cuarto de ba\u00f1o es un ba\u00f1o compartido, situado fuera de la sala. Ocupaci\u00f3n m\u00e1xima: 6 adultos &#8211; Estos son los alojamientos exclusivos para los socios\u00a0\u00a0y cuentan con beneficios especiales V.I.P.[\/vc_column_text][\/vc_column][\/vc_row][vc_row][vc_column width=\u00bb1\/1&#8243;][vc_column_text el_class=\u00bbtransparent\u00bb]<\/p>\n<table>\n<tbody>\n<tr>\n<td><strong>UNIDADES\/<\/strong><strong>INVENTARIO<\/strong><\/td>\n<td><strong>AREA\u00a0\u00a0UNIDAD<\/strong><\/td>\n<td><strong>AREA TERRAZA<\/strong><\/td>\n<td><strong>AREA TOTAL<\/strong><\/td>\n<\/tr>\n<tr>\n<td>\n<p id=\"tw-target-text\" class=\"tw-data-text vk_txt tw-ta tw-text-medium\" dir=\"ltr\" data-placeholder=\"Translation\">Un dormitorio<\/p>\n<\/td>\n<td>\n<p id=\"tw-target-text\" class=\"tw-data-text vk_txt tw-ta tw-text-medium\" dir=\"ltr\" data-placeholder=\"Translation\">861.60 pies2\/ 80mt2<\/p>\n<\/td>\n<td>53.85 pies2 \/ 5 mt2<\/td>\n<td>920.83 pies2\/85.50 mt2<\/td>\n<\/tr>\n<tr>\n<td>\n<p id=\"tw-target-text\" class=\"tw-data-text vk_txt tw-ta tw-text-medium\" dir=\"ltr\" data-placeholder=\"Translation\">Dos Dormitorio<\/p>\n<\/td>\n<td>1,109 \u2013 1,400\u00a0\u00a0pies2103 \u2013 130.2 mt2<\/td>\n<td>53.85 pies2 \/ 5 mt2<\/td>\n<td>1,163\u00a0\u00a0&#8211; 1,453 pies2108 \u2013 135.2 mt2<\/td>\n<\/tr>\n<tr>\n<td>Tres Dormitorios<\/td>\n<td>1,507.80 \u2013 2,767.80 pies2140.50 \u2013 257.20 mt2<\/td>\n<td>53.85 pies2 \/ 5 mt2<\/td>\n<td>1,567.03-2,824 pies2145.50 \u2013 262.20 mt2<\/td>\n<\/tr>\n<\/tbody>\n<\/table>\n<p>[\/vc_column_text][\/vc_column][\/vc_row][vc_row][vc_column width=\u00bb1\/2&#8243;]<div class=\"button-group cf textleft\">  <a href=\"http:\/\/lifestylepuntacana.com\/es\/solicitud-de-reserva\/\" class=\"btn medium orange\" >Solicitud de Reserva<\/a>\n<\/div>[\/vc_column][vc_column width=\u00bb1\/2&#8243;]<div class=\"button-group cf textright\">  <a href=\"http:\/\/lifestyleholidaysvc.com\/wordpress_downloads\/FactSheet-PSPC-General-VIP-SPA.pdf\" class=\"btn medium orange\" target=\"_blank\">HOJA DE DATOS<\/a>\n<\/div>[\/vc_column][\/vc_row]<\/p>\n","protected":false},"excerpt":{"rendered":"<p>[vc_row][vc_column width=\u00bb1\/1&#8243;][\/vc_column][\/vc_row][vc_row][vc_column width=\u00bb1\/1&#8243;][vc_column_text el_class=\u00bbtransparent\u00bb] Alojamiento\u00a0 La m\u00e1s nueva propiedad de lujo en ser agregada a la familia Lifestyle, este resort est\u00e1 ubicado entre el frondoso ambiente tropical de Punta Cana,\u00a0convirti\u00e9ndose as\u00ed en el escondite perfecto&#8230;<\/p>\n","protected":false},"author":1,"featured_media":0,"parent":0,"menu_order":0,"comment_status":"closed","ping_status":"closed","template":"","meta":[],"class_list":["post-173","page","type-page","status-publish","hentry"],"_links":{"self":[{"href":"https:\/\/lifestylepuntacana.com\/es\/wp-json\/wp\/v2\/pages\/173","targetHints":{"allow":["GET"]}}],"collection":[{"href":"https:\/\/lifestylepuntacana.com\/es\/wp-json\/wp\/v2\/pages"}],"about":[{"href":"https:\/\/lifestylepuntacana.com\/es\/wp-json\/wp\/v2\/types\/page"}],"author":[{"embeddable":true,"href":"https:\/\/lifestylepuntacana.com\/es\/wp-json\/wp\/v2\/users\/1"}],"replies":[{"embeddable":true,"href":"https:\/\/lifestylepuntacana.com\/es\/wp-json\/wp\/v2\/comments?post=173"}],"version-history":[{"count":1,"href":"https:\/\/lifestylepuntacana.com\/es\/wp-json\/wp\/v2\/pages\/173\/revisions"}],"predecessor-version":[{"id":469,"href":"https:\/\/lifestylepuntacana.com\/es\/wp-json\/wp\/v2\/pages\/173\/revisions\/469"}],"wp:attachment":[{"href":"https:\/\/lifestylepuntacana.com\/es\/wp-json\/wp\/v2\/media?parent=173"}],"curies":[{"name":"wp","href":"https:\/\/api.w.org\/{rel}","templated":true}]}}